{"id":525,"date":"2012-07-07T19:14:34","date_gmt":"2012-07-07T17:14:34","guid":{"rendered":"http:\/\/www.netexpertise.eu\/fr\/?page_id=525"},"modified":"2012-07-07T19:14:34","modified_gmt":"2012-07-07T17:14:34","slug":"prestation","status":"publish","type":"page","link":"http:\/\/www.netexpertise.eu\/fr\/prestation","title":{"rendered":"Prestation"},"content":{"rendered":"<p>Vous avez un projet qui s&rsquo;inscrit dans les th\u00e9matiques de ce site?<br \/>\nVous chercher une aide pour solutionner un probl\u00e8me rapidement?<\/p>\n<p>&#8211; Int\u00e9gration<br \/>\n&#8211; R\u00e9seau: Routage \/ Firewall \/ Wifi<br \/>\n&#8211; Syst\u00e8mes: Windows \/ Linux \/ Solaris \/ AIX \/ AS400<br \/>\n&#8211; Base de donn\u00e9es: MYSQL \/ Postgresql \/ Oracle<br \/>\n&#8211; Stockage: SAN \/ NAS<br \/>\n&#8211; Sauvegardes: Backup Exec \/ NetBackup<br \/>\n&#8211; Programmation syst\u00e8me: Shell \/ Perl \/ DOS \/ VB<br \/>\n&#8211; Supervision: Nagios \/ MRTG \/ Cacti<\/p>\n<p>Je r\u00e9alise vos demandes et projets \u00e0 des tarifs tr\u00e8s comp\u00e9titifs<br \/>\nprojet@netexpertise.eu<\/p>\n","protected":false},"excerpt":{"rendered":"<p>Vous avez un projet qui s&rsquo;inscrit dans les th\u00e9matiques de ce site? Vous chercher une aide pour solutionner un probl\u00e8me rapidement? &#8211; Int\u00e9gration &#8211; R\u00e9seau: Routage \/ Firewall \/ Wifi &#8211; Syst\u00e8mes: Windows \/ Linux \/ Solaris \/ AIX \/ AS400 &#8211; Base de donn\u00e9es: MYSQL \/ Postgresql \/ Oracle &#8211; Stockage: SAN \/ NAS [&hellip;]<\/p>\n","protected":false},"author":2,"featured_media":0,"parent":0,"menu_order":0,"comment_status":"open","ping_status":"closed","template":"","meta":{"_mi_skip_tracking":false},"yoast_head":"<!-- This site is optimized with the Yoast SEO plugin v19.13 - https:\/\/yoast.com\/wordpress\/plugins\/seo\/ -->\n<title>Prestation - Netexpertise<\/title>\n<meta name=\"robots\" content=\"noindex, follow\" \/>\n<meta property=\"og:locale\" content=\"fr_FR\" \/>\n<meta property=\"og:type\" content=\"article\" \/>\n<meta property=\"og:title\" content=\"Prestation - Netexpertise\" \/>\n<meta property=\"og:description\" content=\"Vous avez un projet qui s&rsquo;inscrit dans les th\u00e9matiques de ce site? Vous chercher une aide pour solutionner un probl\u00e8me rapidement? &#8211; Int\u00e9gration &#8211; R\u00e9seau: Routage \/ Firewall \/ Wifi &#8211; Syst\u00e8mes: Windows \/ Linux \/ Solaris \/ AIX \/ AS400 &#8211; Base de donn\u00e9es: MYSQL \/ Postgresql \/ Oracle &#8211; Stockage: SAN \/ NAS [&hellip;]\" \/>\n<meta property=\"og:url\" content=\"https:\/\/www.netexpertise.eu\/fr\/prestation\" \/>\n<meta property=\"og:site_name\" content=\"Netexpertise\" \/>\n<meta name=\"twitter:card\" content=\"summary_large_image\" \/>\n<meta name=\"twitter:site\" content=\"@netexpertise\" \/>\n<script type=\"application\/ld+json\" class=\"yoast-schema-graph\">{\"@context\":\"https:\/\/schema.org\",\"@graph\":[{\"@type\":\"WebPage\",\"@id\":\"https:\/\/www.netexpertise.eu\/fr\/prestation\",\"url\":\"https:\/\/www.netexpertise.eu\/fr\/prestation\",\"name\":\"Prestation - Netexpertise\",\"isPartOf\":{\"@id\":\"http:\/\/www.netexpertise.eu\/fr\/#website\"},\"datePublished\":\"2012-07-07T17:14:34+00:00\",\"dateModified\":\"2012-07-07T17:14:34+00:00\",\"breadcrumb\":{\"@id\":\"https:\/\/www.netexpertise.eu\/fr\/prestation#breadcrumb\"},\"inLanguage\":\"fr-FR\",\"potentialAction\":[{\"@type\":\"ReadAction\",\"target\":[\"https:\/\/www.netexpertise.eu\/fr\/prestation\"]}]},{\"@type\":\"BreadcrumbList\",\"@id\":\"https:\/\/www.netexpertise.eu\/fr\/prestation#breadcrumb\",\"itemListElement\":[{\"@type\":\"ListItem\",\"position\":1,\"name\":\"Accueil\",\"item\":\"http:\/\/www.netexpertise.eu\/fr\"},{\"@type\":\"ListItem\",\"position\":2,\"name\":\"Prestation\"}]},{\"@type\":\"WebSite\",\"@id\":\"http:\/\/www.netexpertise.eu\/fr\/#website\",\"url\":\"http:\/\/www.netexpertise.eu\/fr\/\",\"name\":\"Netexpertise\",\"description\":\"Syst\u00e8mes \/ R\u00e9seaux \/ DevOps\",\"potentialAction\":[{\"@type\":\"SearchAction\",\"target\":{\"@type\":\"EntryPoint\",\"urlTemplate\":\"http:\/\/www.netexpertise.eu\/fr\/?s={search_term_string}\"},\"query-input\":\"required name=search_term_string\"}],\"inLanguage\":\"fr-FR\"}]}<\/script>\n<!-- \/ Yoast SEO plugin. -->","yoast_head_json":{"title":"Prestation - Netexpertise","robots":{"index":"noindex","follow":"follow"},"og_locale":"fr_FR","og_type":"article","og_title":"Prestation - Netexpertise","og_description":"Vous avez un projet qui s&rsquo;inscrit dans les th\u00e9matiques de ce site? Vous chercher une aide pour solutionner un probl\u00e8me rapidement? &#8211; Int\u00e9gration &#8211; R\u00e9seau: Routage \/ Firewall \/ Wifi &#8211; Syst\u00e8mes: Windows \/ Linux \/ Solaris \/ AIX \/ AS400 &#8211; Base de donn\u00e9es: MYSQL \/ Postgresql \/ Oracle &#8211; Stockage: SAN \/ NAS [&hellip;]","og_url":"https:\/\/www.netexpertise.eu\/fr\/prestation","og_site_name":"Netexpertise","twitter_card":"summary_large_image","twitter_site":"@netexpertise","schema":{"@context":"https:\/\/schema.org","@graph":[{"@type":"WebPage","@id":"https:\/\/www.netexpertise.eu\/fr\/prestation","url":"https:\/\/www.netexpertise.eu\/fr\/prestation","name":"Prestation - Netexpertise","isPartOf":{"@id":"http:\/\/www.netexpertise.eu\/fr\/#website"},"datePublished":"2012-07-07T17:14:34+00:00","dateModified":"2012-07-07T17:14:34+00:00","breadcrumb":{"@id":"https:\/\/www.netexpertise.eu\/fr\/prestation#breadcrumb"},"inLanguage":"fr-FR","potentialAction":[{"@type":"ReadAction","target":["https:\/\/www.netexpertise.eu\/fr\/prestation"]}]},{"@type":"BreadcrumbList","@id":"https:\/\/www.netexpertise.eu\/fr\/prestation#breadcrumb","itemListElement":[{"@type":"ListItem","position":1,"name":"Accueil","item":"http:\/\/www.netexpertise.eu\/fr"},{"@type":"ListItem","position":2,"name":"Prestation"}]},{"@type":"WebSite","@id":"http:\/\/www.netexpertise.eu\/fr\/#website","url":"http:\/\/www.netexpertise.eu\/fr\/","name":"Netexpertise","description":"Syst\u00e8mes \/ R\u00e9seaux \/ DevOps","potentialAction":[{"@type":"SearchAction","target":{"@type":"EntryPoint","urlTemplate":"http:\/\/www.netexpertise.eu\/fr\/?s={search_term_string}"},"query-input":"required name=search_term_string"}],"inLanguage":"fr-FR"}]}},"_links":{"self":[{"href":"http:\/\/www.netexpertise.eu\/fr\/wp-json\/wp\/v2\/pages\/525"}],"collection":[{"href":"http:\/\/www.netexpertise.eu\/fr\/wp-json\/wp\/v2\/pages"}],"about":[{"href":"http:\/\/www.netexpertise.eu\/fr\/wp-json\/wp\/v2\/types\/page"}],"author":[{"embeddable":true,"href":"http:\/\/www.netexpertise.eu\/fr\/wp-json\/wp\/v2\/users\/2"}],"replies":[{"embeddable":true,"href":"http:\/\/www.netexpertise.eu\/fr\/wp-json\/wp\/v2\/comments?post=525"}],"version-history":[{"count":0,"href":"http:\/\/www.netexpertise.eu\/fr\/wp-json\/wp\/v2\/pages\/525\/revisions"}],"wp:attachment":[{"href":"http:\/\/www.netexpertise.eu\/fr\/wp-json\/wp\/v2\/media?parent=525"}],"curies":[{"name":"wp","href":"https:\/\/api.w.org\/{rel}","templated":true}]}}